{"id":4603,"date":"2025-04-19T08:25:19","date_gmt":"2025-04-19T08:25:19","guid":{"rendered":"https:\/\/nelinse.de\/?post_type=product&#038;p=4603"},"modified":"2025-04-21T14:31:01","modified_gmt":"2025-04-21T14:31:01","slug":"goerlitz-3-tuerme-postkarte","status":"publish","type":"product","link":"https:\/\/nelinse.de\/index.php\/produkt\/goerlitz-3-tuerme-postkarte\/","title":{"rendered":"G\u00f6rlitz 3 T\u00fcrme Postkarte"},"content":{"rendered":"<p>G\u00f6rlitz 3 T\u00fcrme Postkarte A6, Vorderseite mit Softfeelfolie kaschiert, Adressfeld r\u00fcckseitig<\/p>\n","protected":false},"excerpt":{"rendered":"<p>G\u00f6rlitz 3 T\u00fcrme Postkarte A6, Vorderseite mit Softfeelfolie kaschiert, Adressfeld r\u00fcckseitig<\/p>\n","protected":false},"featured_media":4565,"comment_status":"open","ping_status":"closed","template":"","meta":[],"product_brand":[],"product_cat":[107],"product_tag":[],"class_list":{"0":"post-4603","1":"product","2":"type-product","3":"status-publish","4":"has-post-thumbnail","6":"product_cat-karten","7":"product_shipping_class-brief-bis-50-g","9":"first","10":"instock","11":"shipping-taxable","12":"purchasable","13":"product-type-simple"},"yoast_head":"<!-- This site is optimized with the Yoast SEO plugin v27.4 - https:\/\/yoast.com\/product\/yoast-seo-wordpress\/ -->\n<title>G\u00f6rlitz 3 T\u00fcrme Postkarte - Nelinse<\/title>\n<meta name=\"description\" content=\"G\u00f6rlitz Nikolaiturm Dicker Turm Reichenbacher Turm Ochsenbastei Karpfenbrunnen Landeskrone Viadukt auf Postkarte\" \/>\n<meta name=\"robots\" content=\"index, follow, max-snippet:-1, max-image-preview:large, max-video-preview:-1\" \/>\n<link rel=\"canonical\" href=\"https:\/\/nelinse.de\/index.php\/produkt\/goerlitz-3-tuerme-postkarte\/\" \/>\n<meta property=\"og:locale\" content=\"de_DE\" \/>\n<meta property=\"og:type\" content=\"article\" \/>\n<meta property=\"og:title\" content=\"G\u00f6rlitz 3 T\u00fcrme Postkarte - Nelinse\" \/>\n<meta property=\"og:description\" content=\"G\u00f6rlitz Nikolaiturm Dicker Turm Reichenbacher Turm Ochsenbastei Karpfenbrunnen Landeskrone Viadukt auf Postkarte\" \/>\n<meta property=\"og:url\" content=\"https:\/\/nelinse.de\/index.php\/produkt\/goerlitz-3-tuerme-postkarte\/\" \/>\n<meta property=\"og:site_name\" content=\"Nelinse\" \/>\n<meta property=\"article:modified_time\" content=\"2025-04-21T14:31:01+00:00\" \/>\n<meta property=\"og:image\" content=\"https:\/\/nelinse.de\/wp-content\/uploads\/2025\/03\/postkarte-shop.jpg\" \/>\n\t<meta property=\"og:image:width\" content=\"795\" \/>\n\t<meta property=\"og:image:height\" content=\"1083\" \/>\n\t<meta property=\"og:image:type\" content=\"image\/jpeg\" \/>\n<meta name=\"twitter:card\" content=\"summary_large_image\" \/>\n<meta name=\"twitter:label1\" content=\"Gesch\u00e4tzte Lesezeit\" \/>\n\t<meta name=\"twitter:data1\" content=\"1\u00a0Minute\" \/>\n<script type=\"application\/ld+json\" class=\"yoast-schema-graph\">{\"@context\":\"https:\\\/\\\/schema.org\",\"@graph\":[{\"@type\":\"WebPage\",\"@id\":\"https:\\\/\\\/nelinse.de\\\/index.php\\\/produkt\\\/goerlitz-3-tuerme-postkarte\\\/\",\"url\":\"https:\\\/\\\/nelinse.de\\\/index.php\\\/produkt\\\/goerlitz-3-tuerme-postkarte\\\/\",\"name\":\"G\u00f6rlitz 3 T\u00fcrme Postkarte - Nelinse\",\"isPartOf\":{\"@id\":\"https:\\\/\\\/nelinse.de\\\/#website\"},\"primaryImageOfPage\":{\"@id\":\"https:\\\/\\\/nelinse.de\\\/index.php\\\/produkt\\\/goerlitz-3-tuerme-postkarte\\\/#primaryimage\"},\"image\":{\"@id\":\"https:\\\/\\\/nelinse.de\\\/index.php\\\/produkt\\\/goerlitz-3-tuerme-postkarte\\\/#primaryimage\"},\"thumbnailUrl\":\"https:\\\/\\\/nelinse.de\\\/wp-content\\\/uploads\\\/2025\\\/03\\\/postkarte-shop.jpg\",\"datePublished\":\"2025-04-19T08:25:19+00:00\",\"dateModified\":\"2025-04-21T14:31:01+00:00\",\"description\":\"G\u00f6rlitz Nikolaiturm Dicker Turm Reichenbacher Turm Ochsenbastei Karpfenbrunnen Landeskrone Viadukt auf Postkarte\",\"breadcrumb\":{\"@id\":\"https:\\\/\\\/nelinse.de\\\/index.php\\\/produkt\\\/goerlitz-3-tuerme-postkarte\\\/#breadcrumb\"},\"inLanguage\":\"de\",\"potentialAction\":[{\"@type\":\"ReadAction\",\"target\":[\"https:\\\/\\\/nelinse.de\\\/index.php\\\/produkt\\\/goerlitz-3-tuerme-postkarte\\\/\"]}]},{\"@type\":\"ImageObject\",\"inLanguage\":\"de\",\"@id\":\"https:\\\/\\\/nelinse.de\\\/index.php\\\/produkt\\\/goerlitz-3-tuerme-postkarte\\\/#primaryimage\",\"url\":\"https:\\\/\\\/nelinse.de\\\/wp-content\\\/uploads\\\/2025\\\/03\\\/postkarte-shop.jpg\",\"contentUrl\":\"https:\\\/\\\/nelinse.de\\\/wp-content\\\/uploads\\\/2025\\\/03\\\/postkarte-shop.jpg\",\"width\":795,\"height\":1083},{\"@type\":\"BreadcrumbList\",\"@id\":\"https:\\\/\\\/nelinse.de\\\/index.php\\\/produkt\\\/goerlitz-3-tuerme-postkarte\\\/#breadcrumb\",\"itemListElement\":[{\"@type\":\"ListItem\",\"position\":1,\"name\":\"Home\",\"item\":\"https:\\\/\\\/nelinse.de\\\/\"},{\"@type\":\"ListItem\",\"position\":2,\"name\":\"Mein Shop\",\"item\":\"https:\\\/\\\/nelinse.de\\\/index.php\\\/shop-basis\\\/\"},{\"@type\":\"ListItem\",\"position\":3,\"name\":\"G\u00f6rlitz 3 T\u00fcrme Postkarte\"}]},{\"@type\":\"WebSite\",\"@id\":\"https:\\\/\\\/nelinse.de\\\/#website\",\"url\":\"https:\\\/\\\/nelinse.de\\\/\",\"name\":\"Nelinse\",\"description\":\"Kunst und Kunsthandwerk\",\"potentialAction\":[{\"@type\":\"SearchAction\",\"target\":{\"@type\":\"EntryPoint\",\"urlTemplate\":\"https:\\\/\\\/nelinse.de\\\/?s={search_term_string}\"},\"query-input\":{\"@type\":\"PropertyValueSpecification\",\"valueRequired\":true,\"valueName\":\"search_term_string\"}}],\"inLanguage\":\"de\"}]}<\/script>\n<!-- \/ Yoast SEO plugin. -->","yoast_head_json":{"title":"G\u00f6rlitz 3 T\u00fcrme Postkarte - Nelinse","description":"G\u00f6rlitz Nikolaiturm Dicker Turm Reichenbacher Turm Ochsenbastei Karpfenbrunnen Landeskrone Viadukt auf Postkarte","robots":{"index":"index","follow":"follow","max-snippet":"max-snippet:-1","max-image-preview":"max-image-preview:large","max-video-preview":"max-video-preview:-1"},"canonical":"https:\/\/nelinse.de\/index.php\/produkt\/goerlitz-3-tuerme-postkarte\/","og_locale":"de_DE","og_type":"article","og_title":"G\u00f6rlitz 3 T\u00fcrme Postkarte - Nelinse","og_description":"G\u00f6rlitz Nikolaiturm Dicker Turm Reichenbacher Turm Ochsenbastei Karpfenbrunnen Landeskrone Viadukt auf Postkarte","og_url":"https:\/\/nelinse.de\/index.php\/produkt\/goerlitz-3-tuerme-postkarte\/","og_site_name":"Nelinse","article_modified_time":"2025-04-21T14:31:01+00:00","og_image":[{"width":795,"height":1083,"url":"https:\/\/nelinse.de\/wp-content\/uploads\/2025\/03\/postkarte-shop.jpg","type":"image\/jpeg"}],"twitter_card":"summary_large_image","twitter_misc":{"Gesch\u00e4tzte Lesezeit":"1\u00a0Minute"},"schema":{"@context":"https:\/\/schema.org","@graph":[{"@type":"WebPage","@id":"https:\/\/nelinse.de\/index.php\/produkt\/goerlitz-3-tuerme-postkarte\/","url":"https:\/\/nelinse.de\/index.php\/produkt\/goerlitz-3-tuerme-postkarte\/","name":"G\u00f6rlitz 3 T\u00fcrme Postkarte - Nelinse","isPartOf":{"@id":"https:\/\/nelinse.de\/#website"},"primaryImageOfPage":{"@id":"https:\/\/nelinse.de\/index.php\/produkt\/goerlitz-3-tuerme-postkarte\/#primaryimage"},"image":{"@id":"https:\/\/nelinse.de\/index.php\/produkt\/goerlitz-3-tuerme-postkarte\/#primaryimage"},"thumbnailUrl":"https:\/\/nelinse.de\/wp-content\/uploads\/2025\/03\/postkarte-shop.jpg","datePublished":"2025-04-19T08:25:19+00:00","dateModified":"2025-04-21T14:31:01+00:00","description":"G\u00f6rlitz Nikolaiturm Dicker Turm Reichenbacher Turm Ochsenbastei Karpfenbrunnen Landeskrone Viadukt auf Postkarte","breadcrumb":{"@id":"https:\/\/nelinse.de\/index.php\/produkt\/goerlitz-3-tuerme-postkarte\/#breadcrumb"},"inLanguage":"de","potentialAction":[{"@type":"ReadAction","target":["https:\/\/nelinse.de\/index.php\/produkt\/goerlitz-3-tuerme-postkarte\/"]}]},{"@type":"ImageObject","inLanguage":"de","@id":"https:\/\/nelinse.de\/index.php\/produkt\/goerlitz-3-tuerme-postkarte\/#primaryimage","url":"https:\/\/nelinse.de\/wp-content\/uploads\/2025\/03\/postkarte-shop.jpg","contentUrl":"https:\/\/nelinse.de\/wp-content\/uploads\/2025\/03\/postkarte-shop.jpg","width":795,"height":1083},{"@type":"BreadcrumbList","@id":"https:\/\/nelinse.de\/index.php\/produkt\/goerlitz-3-tuerme-postkarte\/#breadcrumb","itemListElement":[{"@type":"ListItem","position":1,"name":"Home","item":"https:\/\/nelinse.de\/"},{"@type":"ListItem","position":2,"name":"Mein Shop","item":"https:\/\/nelinse.de\/index.php\/shop-basis\/"},{"@type":"ListItem","position":3,"name":"G\u00f6rlitz 3 T\u00fcrme Postkarte"}]},{"@type":"WebSite","@id":"https:\/\/nelinse.de\/#website","url":"https:\/\/nelinse.de\/","name":"Nelinse","description":"Kunst und Kunsthandwerk","potentialAction":[{"@type":"SearchAction","target":{"@type":"EntryPoint","urlTemplate":"https:\/\/nelinse.de\/?s={search_term_string}"},"query-input":{"@type":"PropertyValueSpecification","valueRequired":true,"valueName":"search_term_string"}}],"inLanguage":"de"}]}},"jetpack_sharing_enabled":true,"_links":{"self":[{"href":"https:\/\/nelinse.de\/index.php\/wp-json\/wp\/v2\/product\/4603","targetHints":{"allow":["GET"]}}],"collection":[{"href":"https:\/\/nelinse.de\/index.php\/wp-json\/wp\/v2\/product"}],"about":[{"href":"https:\/\/nelinse.de\/index.php\/wp-json\/wp\/v2\/types\/product"}],"replies":[{"embeddable":true,"href":"https:\/\/nelinse.de\/index.php\/wp-json\/wp\/v2\/comments?post=4603"}],"version-history":[{"count":3,"href":"https:\/\/nelinse.de\/index.php\/wp-json\/wp\/v2\/product\/4603\/revisions"}],"predecessor-version":[{"id":4606,"href":"https:\/\/nelinse.de\/index.php\/wp-json\/wp\/v2\/product\/4603\/revisions\/4606"}],"wp:featuredmedia":[{"embeddable":true,"href":"https:\/\/nelinse.de\/index.php\/wp-json\/wp\/v2\/media\/4565"}],"wp:attachment":[{"href":"https:\/\/nelinse.de\/index.php\/wp-json\/wp\/v2\/media?parent=4603"}],"wp:term":[{"taxonomy":"product_brand","embeddable":true,"href":"https:\/\/nelinse.de\/index.php\/wp-json\/wp\/v2\/product_brand?post=4603"},{"taxonomy":"product_cat","embeddable":true,"href":"https:\/\/nelinse.de\/index.php\/wp-json\/wp\/v2\/product_cat?post=4603"},{"taxonomy":"product_tag","embeddable":true,"href":"https:\/\/nelinse.de\/index.php\/wp-json\/wp\/v2\/product_tag?post=4603"}],"curies":[{"name":"wp","href":"https:\/\/api.w.org\/{rel}","templated":true}]}}