{"id":932,"date":"2021-07-29T07:35:05","date_gmt":"2021-07-29T07:35:05","guid":{"rendered":"https:\/\/nelinse.de\/?page_id=932"},"modified":"2024-08-26T11:23:42","modified_gmt":"2024-08-26T11:23:42","slug":"agb","status":"publish","type":"page","link":"https:\/\/nelinse.de\/index.php\/agb\/","title":{"rendered":"AGB"},"content":{"rendered":"\t\t<div data-elementor-type=\"wp-page\" data-elementor-id=\"932\" class=\"elementor elementor-932\">\n\t\t\t\t\t\t<section class=\"elementor-section elementor-top-section elementor-element elementor-element-9cc864e elementor-section-boxed elementor-section-height-default elementor-section-height-default\" data-id=\"9cc864e\" data-element_type=\"section\" data-e-type=\"section\">\n\t\t\t\t\t\t<div class=\"elementor-container elementor-column-gap-default\">\n\t\t\t\t\t<div class=\"elementor-column elementor-col-100 elementor-top-column elementor-element elementor-element-488431d\" data-id=\"488431d\" data-element_type=\"column\" data-e-type=\"column\">\n\t\t\t<div class=\"elementor-widget-wrap elementor-element-populated\">\n\t\t\t\t\t\t<div class=\"elementor-element elementor-element-18eb359 elementor-widget elementor-widget-heading\" data-id=\"18eb359\" data-element_type=\"widget\" data-e-type=\"widget\" data-widget_type=\"heading.default\">\n\t\t\t\t<div class=\"elementor-widget-container\">\n\t\t\t\t\t<h2 class=\"elementor-heading-title elementor-size-default\">AGB\/Widerrufsbelehrung<\/h2>\t\t\t\t<\/div>\n\t\t\t\t<\/div>\n\t\t\t\t\t<\/div>\n\t\t<\/div>\n\t\t\t\t\t<\/div>\n\t\t<\/section>\n\t\t\t\t<section class=\"elementor-section elementor-top-section elementor-element elementor-element-5cdb6c8 elementor-section-boxed elementor-section-height-default elementor-section-height-default\" data-id=\"5cdb6c8\" data-element_type=\"section\" data-e-type=\"section\">\n\t\t\t\t\t\t<div class=\"elementor-container elementor-column-gap-default\">\n\t\t\t\t\t<div class=\"elementor-column elementor-col-100 elementor-top-column elementor-element elementor-element-bc4a5b2\" data-id=\"bc4a5b2\" data-element_type=\"column\" data-e-type=\"column\">\n\t\t\t<div class=\"elementor-widget-wrap elementor-element-populated\">\n\t\t\t\t\t\t<div class=\"elementor-element elementor-element-31f9407 elementor-widget elementor-widget-text-editor\" data-id=\"31f9407\" data-element_type=\"widget\" data-e-type=\"widget\" data-widget_type=\"text-editor.default\">\n\t\t\t\t<div class=\"elementor-widget-container\">\n\t\t\t\t\t\t\t\t\t<h6>Allgemeine Gesch\u00e4ftsbedingungen<\/h6><ol><li>GELTUNGSBEREICH<\/li><\/ol><p>F\u00fcr alle Bestellungen \u00fcber unseren Online-Shop gelten die nachfolgenden AGB. Unser Online-Shop richtet sich ausschlie\u00dflich an Verbraucher.<\/p><p>Verbraucher ist jede nat\u00fcrliche Person, die ein Rechtsgesch\u00e4ft zu Zwecken abschlie\u00dft, die \u00fcberwiegend weder ihrer gewerblichen noch ihrer selbst\u00e4ndigen beruflichen T\u00e4tigkeit zugerechnet werden k\u00f6nnen. Unternehmer ist eine nat\u00fcrliche oder juristische Person oder eine rechtsf\u00e4hige Personengesellschaft, die bei Abschluss eines Rechtsgesch\u00e4fts in Aus\u00fcbung ihrer gewerblichen oder selbst\u00e4ndigen beruflichen T\u00e4tigkeit handelt.<\/p><ol start=\"2\"><li>VERTRAGSPARTNER, VERTRAGSSCHLUSS, KORREKTURM\u00d6GLICHKEITEN<\/li><\/ol><p>Der Kaufvertrag kommt zustande mit www.nelinse.de.<\/p><p>Mit Einstellung der Produkte in den Online-Shop geben wir ein verbindliches Angebot zum Vertragsschluss \u00fcber diese Artikel ab. Sie k\u00f6nnen unsere Produkte zun\u00e4chst unverbindlich in den Warenkorb legen und Ihre Eingaben vor Absenden Ihrer verbindlichen Bestellung jederzeit korrigieren, indem Sie die hierf\u00fcr im Bestellablauf vorgesehenen und erl\u00e4uterten Korrekturhilfen nutzen. Der Vertrag kommt zustande, indem Sie durch Anklicken des Bestellbuttons das Angebot \u00fcber die im Warenkorb enthaltenen Waren annehmen. Unmittelbar nach dem Absenden der Bestellung erhalten Sie noch einmal eine Best\u00e4tigung per E-Mail.<\/p><ol start=\"3\"><li>VERTRAGSSPRACHE, VERTRAGSTEXTSPEICHERUNG<\/li><\/ol><p>Die f\u00fcr den Vertragsschluss zur Verf\u00fcgung stehende(n) Sprache(n): Deutsch<\/p><p>Wir speichern den Vertragstext und senden Ihnen die Bestelldaten und unsere AGB in Textform zu. Den Vertragstext k\u00f6nnen Sie in unserem Kunden-Login einsehen.<\/p><ol start=\"4\"><li>LIEFERBEDINGUNGEN<\/li><\/ol><p>Zuz\u00fcglich zu den angegebenen Produktpreisen kommen noch Versandkosten hinzu. N\u00e4heres zur H\u00f6he der Versandkosten erfahren Sie bei den Angeboten.<\/p><p>Sie haben grunds\u00e4tzlich die M\u00f6glichkeit der Abholung bei Endtricht, Willem-van-Vloten-Str. 67, 44263 Dortmund, Deutschland. Die Abholzeit wird individuell vereinbart.<\/p><p>Wir liefern nicht an Packstationen.<\/p><ol start=\"5\"><li>BEZAHLUNG<\/li><\/ol><p>In unserem Shop stehen Ihnen grunds\u00e4tzlich die folgenden Zahlungsarten zur Verf\u00fcgung:<\/p><p>Vorkasse<\/p><p>Bei Auswahl der Zahlungsart Vorkasse nennen wir Ihnen unsere Bankverbindung in separater E-Mail und liefern die Ware nach Zahlungseingang.<\/p><p>Rechnung<\/p><p>Der Rechnungsbetrag ist 14 Tage nach Erhalt der Rechnung und der Ware per \u00dcberweisung auf unser Bankkonto f\u00e4llig. Wir behalten uns vor, den Kauf auf Rechnung nur nach einer erfolgreichen Bonit\u00e4tspr\u00fcfung anzubieten.<\/p><p>Barzahlung bei Abholung<\/p><p>Sie zahlen den Rechnungsbetrag bei der Abholung bar.<\/p><ol start=\"6\"><li>EIGENTUMSVORBEHALT<\/li><\/ol><p>Die Ware bleibt bis zur vollst\u00e4ndigen Bezahlung unser Eigentum.<\/p><ol start=\"7\"><li>TRANSPORTSCH\u00c4DEN<\/li><\/ol><p>Werden Waren mit offensichtlichen Transportsch\u00e4den angeliefert, so reklamieren Sie solche Fehler bitte m\u00f6glichst sofort beim Zusteller und nehmen Sie bitte unverz\u00fcglich Kontakt zu uns auf. Die Vers\u00e4umung einer Reklamation oder Kontaktaufnahme hat f\u00fcr Ihre gesetzlichen Anspr\u00fcche und deren Durchsetzung, insbesondere Ihre Gew\u00e4hrleistungsrechte, keinerlei Konsequenzen. Sie helfen uns aber, unsere eigenen Anspr\u00fcche gegen\u00fcber dem Frachtf\u00fchrer bzw. der Transportversicherung geltend machen zu k\u00f6nnen.<\/p><ol start=\"8\"><li>GEW\u00c4HRLEISTUNG UND GARANTIEN<\/li><\/ol><p>Geltung des gesetzlichen M\u00e4ngelhaftungsrechts<\/p><p>Soweit nicht nachstehend ausdr\u00fccklich anders vereinbart, gilt das gesetzliche M\u00e4ngelhaftungsrecht.<\/p><p>Die nachstehenden Einschr\u00e4nkungen und Fristverk\u00fcrzungen gelten nicht f\u00fcr Anspr\u00fcche aufgrund von Sch\u00e4den, die durch uns, unsere gesetzlichen Vertreter oder Erf\u00fcllungsgehilfen verursacht wurden<\/p><p>\u00a0* bei Verletzung des Lebens, des K\u00f6rpers oder der Gesundheit<\/p><p>\u00a0* bei vors\u00e4tzlicher oder grob fahrl\u00e4ssiger Pflichtverletzung sowie Arglist<\/p><p>\u00a0* bei Verletzung wesentlicher Vertragspflichten, deren Erf\u00fcllung die ordnungsgem\u00e4\u00dfe Durchf\u00fchrung des Vertrages \u00fcberhaupt erst erm\u00f6glicht und auf deren Einhaltung der Vertragspartner regelm\u00e4\u00dfig vertrauen darf (Kardinalpflichten)<\/p><p>\u00a0* im Rahmen eines Garantieversprechens, soweit vereinbart, oder<\/p><p>\u00a0* soweit der Anwendungsbereich des Produkthaftungsgesetzes er\u00f6ffnet ist.<\/p><p>Beschr\u00e4nkungen gegen\u00fcber Verbrauchern<\/p><p>Beim Kauf gebrauchter Waren durch Verbraucher gilt: wenn der Mangel nach Ablauf eines Jahres ab Ablieferung der Ware auftritt, sind die M\u00e4ngelanspr\u00fcche ausgeschlossen. M\u00e4ngel, die innerhalb eines Jahres ab Ablieferung der Ware auftreten, k\u00f6nnen im Rahmen der gesetzlichen Verj\u00e4hrungsfrist von zwei Jahren ab Ablieferung der Ware geltend gemacht werden.<\/p><p>Garantien und Kundendienst<\/p><p>Informationen zu gegebenenfalls geltenden zus\u00e4tzlichen Garantien und deren genaue Bedingungen finden Sie jeweils beim Produkt und auf besonderen Informationsseiten im Online-Shop.<\/p><ol start=\"9\"><li>HAFTUNG<\/li><\/ol><p>F\u00fcr Anspr\u00fcche aufgrund von Sch\u00e4den, die durch uns, unsere gesetzlichen Vertreter oder Erf\u00fcllungsgehilfen verursacht wurden, haften wir stets unbeschr\u00e4nkt<\/p><p>\u00a0* bei Verletzung des Lebens, des K\u00f6rpers oder der Gesundheit,<\/p><p>\u00a0* bei vors\u00e4tzlicher oder grob fahrl\u00e4ssiger Pflichtverletzung,<\/p><p>\u00a0* bei Garantieversprechen, soweit vereinbart, oder<\/p><p>\u00a0* soweit der Anwendungsbereich des Produkthaftungsgesetzes er\u00f6ffnet ist.<\/p><p>Bei Verletzung wesentlicher Vertragspflichten, deren Erf\u00fcllung die ordnungsgem\u00e4\u00dfe Durchf\u00fchrung des Vertrages \u00fcberhaupt erst erm\u00f6glicht und auf deren Einhaltung der Vertragspartner regelm\u00e4\u00dfig vertrauen darf, (Kardinalpflichten) durch leichte Fahrl\u00e4ssigkeit von uns, unseren gesetzlichen Vertretern oder Erf\u00fcllungsgehilfen ist die Haftung der H\u00f6he nach auf den bei Vertragsschluss vorhersehbaren Schaden begrenzt, mit dessen Entstehung typischerweise gerechnet werden muss.<\/p><p>Im \u00dcbrigen sind Anspr\u00fcche auf Schadensersatz ausgeschlossen.<\/p><ol start=\"10\"><li>STREITBEILEGUNG<\/li><\/ol><p>Die Europ\u00e4ische Kommission stellt eine Plattform zur Online-Streitbeilegung (OS) bereit, die Sie hier [https:\/\/ec.europa.eu\/consumers\/odr\/] finden. Zur Teilnahme an einem Streitbeilegungsverfahren vor einer Verbraucherschlichtungsstelle sind wir nicht verpflichtet und nicht bereit.<\/p><p>AGB erstellt mit dem Trusted Shops [https:\/\/legal.trustedshops.com\/] Rechtstexter in Kooperation mit F\u00d6HLISCH Rechtsanw\u00e4lte [https:\/\/foehlisch.com].<\/p>\t\t\t\t\t\t\t\t<\/div>\n\t\t\t\t<\/div>\n\t\t\t\t\t<\/div>\n\t\t<\/div>\n\t\t\t\t\t<\/div>\n\t\t<\/section>\n\t\t\t\t<\/div>\n\t\t","protected":false},"excerpt":{"rendered":"<p>AGB\/Widerrufsbelehrung Allgemeine Gesch\u00e4ftsbedingungen GELTUNGSBEREICH F\u00fcr alle Bestellungen \u00fcber unseren Online-Shop gelten die nachfolgenden AGB. Unser Online-Shop richtet sich ausschlie\u00dflich an Verbraucher. Verbraucher ist jede nat\u00fcrliche Person, die ein Rechtsgesch\u00e4ft zu Zwecken abschlie\u00dft, die \u00fcberwiegend weder ihrer gewerblichen noch ihrer selbst\u00e4ndigen beruflichen T\u00e4tigkeit zugerechnet werden k\u00f6nnen. Unternehmer ist eine nat\u00fcrliche oder juristische Person oder eine rechtsf\u00e4hige [&hellip;]<\/p>\n","protected":false},"author":1,"featured_media":0,"parent":0,"menu_order":0,"comment_status":"closed","ping_status":"closed","template":"","meta":{"footnotes":""},"class_list":["post-932","page","type-page","status-publish","hentry"],"yoast_head":"<!-- This site is optimized with the Yoast SEO plugin v27.5 - https:\/\/yoast.com\/product\/yoast-seo-wordpress\/ -->\n<title>AGB - Nelinse<\/title>\n<meta name=\"robots\" content=\"index, follow, max-snippet:-1, max-image-preview:large, max-video-preview:-1\" \/>\n<link rel=\"canonical\" href=\"https:\/\/nelinse.de\/index.php\/agb\/\" \/>\n<meta property=\"og:locale\" content=\"de_DE\" \/>\n<meta property=\"og:type\" content=\"article\" \/>\n<meta property=\"og:title\" content=\"AGB - Nelinse\" \/>\n<meta property=\"og:description\" content=\"AGB\/Widerrufsbelehrung Allgemeine Gesch\u00e4ftsbedingungen GELTUNGSBEREICH F\u00fcr alle Bestellungen \u00fcber unseren Online-Shop gelten die nachfolgenden AGB. Unser Online-Shop richtet sich ausschlie\u00dflich an Verbraucher. Verbraucher ist jede nat\u00fcrliche Person, die ein Rechtsgesch\u00e4ft zu Zwecken abschlie\u00dft, die \u00fcberwiegend weder ihrer gewerblichen noch ihrer selbst\u00e4ndigen beruflichen T\u00e4tigkeit zugerechnet werden k\u00f6nnen. Unternehmer ist eine nat\u00fcrliche oder juristische Person oder eine rechtsf\u00e4hige [&hellip;]\" \/>\n<meta property=\"og:url\" content=\"https:\/\/nelinse.de\/index.php\/agb\/\" \/>\n<meta property=\"og:site_name\" content=\"Nelinse\" \/>\n<meta property=\"article:modified_time\" content=\"2024-08-26T11:23:42+00:00\" \/>\n<meta name=\"twitter:card\" content=\"summary_large_image\" \/>\n<meta name=\"twitter:label1\" content=\"Gesch\u00e4tzte Lesezeit\" \/>\n\t<meta name=\"twitter:data1\" content=\"5\u00a0Minuten\" \/>\n<script type=\"application\/ld+json\" class=\"yoast-schema-graph\">{\"@context\":\"https:\\\/\\\/schema.org\",\"@graph\":[{\"@type\":\"WebPage\",\"@id\":\"https:\\\/\\\/nelinse.de\\\/index.php\\\/agb\\\/\",\"url\":\"https:\\\/\\\/nelinse.de\\\/index.php\\\/agb\\\/\",\"name\":\"AGB - Nelinse\",\"isPartOf\":{\"@id\":\"https:\\\/\\\/nelinse.de\\\/#website\"},\"datePublished\":\"2021-07-29T07:35:05+00:00\",\"dateModified\":\"2024-08-26T11:23:42+00:00\",\"breadcrumb\":{\"@id\":\"https:\\\/\\\/nelinse.de\\\/index.php\\\/agb\\\/#breadcrumb\"},\"inLanguage\":\"de\",\"potentialAction\":[{\"@type\":\"ReadAction\",\"target\":[\"https:\\\/\\\/nelinse.de\\\/index.php\\\/agb\\\/\"]}]},{\"@type\":\"BreadcrumbList\",\"@id\":\"https:\\\/\\\/nelinse.de\\\/index.php\\\/agb\\\/#breadcrumb\",\"itemListElement\":[{\"@type\":\"ListItem\",\"position\":1,\"name\":\"Home\",\"item\":\"https:\\\/\\\/nelinse.de\\\/\"},{\"@type\":\"ListItem\",\"position\":2,\"name\":\"AGB\"}]},{\"@type\":\"WebSite\",\"@id\":\"https:\\\/\\\/nelinse.de\\\/#website\",\"url\":\"https:\\\/\\\/nelinse.de\\\/\",\"name\":\"Nelinse\",\"description\":\"Kunst und Kunsthandwerk\",\"potentialAction\":[{\"@type\":\"SearchAction\",\"target\":{\"@type\":\"EntryPoint\",\"urlTemplate\":\"https:\\\/\\\/nelinse.de\\\/?s={search_term_string}\"},\"query-input\":{\"@type\":\"PropertyValueSpecification\",\"valueRequired\":true,\"valueName\":\"search_term_string\"}}],\"inLanguage\":\"de\"}]}<\/script>\n<!-- \/ Yoast SEO plugin. -->","yoast_head_json":{"title":"AGB - Nelinse","robots":{"index":"index","follow":"follow","max-snippet":"max-snippet:-1","max-image-preview":"max-image-preview:large","max-video-preview":"max-video-preview:-1"},"canonical":"https:\/\/nelinse.de\/index.php\/agb\/","og_locale":"de_DE","og_type":"article","og_title":"AGB - Nelinse","og_description":"AGB\/Widerrufsbelehrung Allgemeine Gesch\u00e4ftsbedingungen GELTUNGSBEREICH F\u00fcr alle Bestellungen \u00fcber unseren Online-Shop gelten die nachfolgenden AGB. Unser Online-Shop richtet sich ausschlie\u00dflich an Verbraucher. Verbraucher ist jede nat\u00fcrliche Person, die ein Rechtsgesch\u00e4ft zu Zwecken abschlie\u00dft, die \u00fcberwiegend weder ihrer gewerblichen noch ihrer selbst\u00e4ndigen beruflichen T\u00e4tigkeit zugerechnet werden k\u00f6nnen. Unternehmer ist eine nat\u00fcrliche oder juristische Person oder eine rechtsf\u00e4hige [&hellip;]","og_url":"https:\/\/nelinse.de\/index.php\/agb\/","og_site_name":"Nelinse","article_modified_time":"2024-08-26T11:23:42+00:00","twitter_card":"summary_large_image","twitter_misc":{"Gesch\u00e4tzte Lesezeit":"5\u00a0Minuten"},"schema":{"@context":"https:\/\/schema.org","@graph":[{"@type":"WebPage","@id":"https:\/\/nelinse.de\/index.php\/agb\/","url":"https:\/\/nelinse.de\/index.php\/agb\/","name":"AGB - Nelinse","isPartOf":{"@id":"https:\/\/nelinse.de\/#website"},"datePublished":"2021-07-29T07:35:05+00:00","dateModified":"2024-08-26T11:23:42+00:00","breadcrumb":{"@id":"https:\/\/nelinse.de\/index.php\/agb\/#breadcrumb"},"inLanguage":"de","potentialAction":[{"@type":"ReadAction","target":["https:\/\/nelinse.de\/index.php\/agb\/"]}]},{"@type":"BreadcrumbList","@id":"https:\/\/nelinse.de\/index.php\/agb\/#breadcrumb","itemListElement":[{"@type":"ListItem","position":1,"name":"Home","item":"https:\/\/nelinse.de\/"},{"@type":"ListItem","position":2,"name":"AGB"}]},{"@type":"WebSite","@id":"https:\/\/nelinse.de\/#website","url":"https:\/\/nelinse.de\/","name":"Nelinse","description":"Kunst und Kunsthandwerk","potentialAction":[{"@type":"SearchAction","target":{"@type":"EntryPoint","urlTemplate":"https:\/\/nelinse.de\/?s={search_term_string}"},"query-input":{"@type":"PropertyValueSpecification","valueRequired":true,"valueName":"search_term_string"}}],"inLanguage":"de"}]}},"jetpack_sharing_enabled":true,"_links":{"self":[{"href":"https:\/\/nelinse.de\/index.php\/wp-json\/wp\/v2\/pages\/932","targetHints":{"allow":["GET"]}}],"collection":[{"href":"https:\/\/nelinse.de\/index.php\/wp-json\/wp\/v2\/pages"}],"about":[{"href":"https:\/\/nelinse.de\/index.php\/wp-json\/wp\/v2\/types\/page"}],"author":[{"embeddable":true,"href":"https:\/\/nelinse.de\/index.php\/wp-json\/wp\/v2\/users\/1"}],"replies":[{"embeddable":true,"href":"https:\/\/nelinse.de\/index.php\/wp-json\/wp\/v2\/comments?post=932"}],"version-history":[{"count":33,"href":"https:\/\/nelinse.de\/index.php\/wp-json\/wp\/v2\/pages\/932\/revisions"}],"predecessor-version":[{"id":3281,"href":"https:\/\/nelinse.de\/index.php\/wp-json\/wp\/v2\/pages\/932\/revisions\/3281"}],"wp:attachment":[{"href":"https:\/\/nelinse.de\/index.php\/wp-json\/wp\/v2\/media?parent=932"}],"curies":[{"name":"wp","href":"https:\/\/api.w.org\/{rel}","templated":true}]}}